{"id":459,"date":"2022-03-29T03:39:59","date_gmt":"2022-03-29T03:39:59","guid":{"rendered":"https:\/\/radiohuancayo.com.pe\/wp54\/?page_id=459"},"modified":"2022-04-08T18:24:17","modified_gmt":"2022-04-08T18:24:17","slug":"programacion","status":"publish","type":"page","link":"https:\/\/radiohuancayo.com.pe\/wp54\/programacion\/","title":{"rendered":"Programaci\u00f3n"},"content":{"rendered":"\t\t<div data-elementor-type=\"wp-page\" data-elementor-id=\"459\" class=\"elementor elementor-459\">\n\t\t\t\t\t\t<section data-marvy_enable_drop_animation=\"false\" data-marvy_enable_fancy_rotate=\"false\" data-marvy_enable_flying_object=\"false\" data-marvy_enable_ripples_animation=\"false\" data-marvy_enable_waves_animation=\"false\" data-marvy_enable_rings_animation=\"false\" data-marvy_enable_topology_animation=\"false\" data-marvy_enable_gradient_animation=\"false\" data-marvy_enable_snow_animation=\"false\" data-marvy_enable_firework_animation=\"false\" data-marvy_enable_cloud_animation=\"false\" class=\"elementor-section elementor-top-section elementor-element elementor-element-09b8855 elementor-section-boxed elementor-section-height-default elementor-section-height-default wpr-particle-no wpr-jarallax-no wpr-parallax-no wpr-sticky-section-no\" data-id=\"09b8855\" data-element_type=\"section\" data-e-type=\"section\">\n\t\t\t\t\t\t<div class=\"elementor-container elementor-column-gap-default\">\n\t\t\t\t\t<div class=\"elementor-column elementor-col-100 elementor-top-column elementor-element elementor-element-7753e61\" data-id=\"7753e61\" data-element_type=\"column\" data-e-type=\"column\" data-settings=\"{&quot;background_background&quot;:&quot;classic&quot;}\">\n\t\t\t<div class=\"elementor-widget-wrap elementor-element-populated\">\n\t\t\t\t\t\t<div class=\"elementor-element elementor-element-0507a8e elespare-section-title-elespare-left elementor-widget elementor-widget-post-list\" data-id=\"0507a8e\" data-element_type=\"widget\" data-e-type=\"widget\" data-widget_type=\"post-list.default\">\n\t\t\t\t<div class=\"elementor-widget-container\">\n\t\t\t\t\t<div class=\"elespare-widget-title-section title-style-1 elespare-left\">\n\t\t\t\t<h2 class=\"elespare-widget-title\">\n\t\t\t\t\t<span class=\"elespare-section-title-before\"><\/span>\n\t\t\t\t\t<span class=\"elespare-section-title\">Programaci\u00f3n<\/span>\n\t\t\t\t\t<span class=\"elespare-section-title-after\"><\/span>\n\t\t\t\t<\/h2>\n\t\t\t<\/div>\n    <div class=\"elespare-list-wrap list-layout has-background \">\n      <div class=\"elespare-posts-wrap list-style-1 elespare-image-zoom  elespare-light\">\n                    <div class=\"elespare-posts-list-post-items\">\n                              <div class=\"elespare-img-wrapper\">\n\n                  \n                <\/div>\n              \n              <div class=\"elespare-content-wrapper\">\n                <ul class='elespare-cat-links none'><li class=\"elespare-meta-category\">\n                      <a class=\"elespare-categories\" href=\"https:\/\/radiohuancayo.com.pe\/wp54\/category\/programas\/\" aria-label=\"View all posts in Programas category\">\n                      \n                        Programas\n                      <\/a>\n                  <\/li><\/ul>\n    <h3 class=\"elespare-post-title\">\n      <a href=\"https:\/\/radiohuancayo.com.pe\/wp54\/madrugadas-rh\/\"> <span>Madrugadas RH<\/span><\/a>\n    <\/h3>\n                  <\/div>\n                          <\/div>\n                    <div class=\"elespare-posts-list-post-items\">\n                              <div class=\"elespare-img-wrapper\">\n\n                  \n      <a href=\"https:\/\/radiohuancayo.com.pe\/wp54\/la-hora-del-gallo\/\" aria-label=\"La Hora Del Gallo\">\n        <img decoding=\"async\" width=\"150\" height=\"150\" src=\"https:\/\/radiohuancayo.com.pe\/wp54\/wp-content\/uploads\/2022\/04\/gallo-150x150.jpg\" class=\"attachment-thumbnail size-thumbnail wp-post-image\" alt=\"La Hora Del Gallo\" srcset=\"https:\/\/radiohuancayo.com.pe\/wp54\/wp-content\/uploads\/2022\/04\/gallo-150x150.jpg 150w, https:\/\/radiohuancayo.com.pe\/wp54\/wp-content\/uploads\/2022\/04\/gallo-600x600.jpg 600w\" sizes=\"(max-width: 150px) 100vw, 150px\" \/>      <\/a>\n\n    \n                <\/div>\n              \n              <div class=\"elespare-content-wrapper\">\n                <ul class='elespare-cat-links none'><li class=\"elespare-meta-category\">\n                      <a class=\"elespare-categories\" href=\"https:\/\/radiohuancayo.com.pe\/wp54\/category\/programas\/\" aria-label=\"View all posts in Programas category\">\n                      \n                        Programas\n                      <\/a>\n                  <\/li><\/ul>\n    <h3 class=\"elespare-post-title\">\n      <a href=\"https:\/\/radiohuancayo.com.pe\/wp54\/la-hora-del-gallo\/\"> <span>La Hora Del Gallo<\/span><\/a>\n    <\/h3>\n                  <\/div>\n                          <\/div>\n                    <div class=\"elespare-posts-list-post-items\">\n                              <div class=\"elespare-img-wrapper\">\n\n                  \n      <a href=\"https:\/\/radiohuancayo.com.pe\/wp54\/huancayo-noticias\/\" aria-label=\"Huancayo Noticias\">\n        <img decoding=\"async\" width=\"150\" height=\"150\" src=\"https:\/\/radiohuancayo.com.pe\/wp54\/wp-content\/uploads\/2022\/04\/WhatsApp-Image-2022-05-26-at-2.25.32-PM-1-150x150.jpeg\" class=\"attachment-thumbnail size-thumbnail wp-post-image\" alt=\"Huancayo Noticias\" srcset=\"https:\/\/radiohuancayo.com.pe\/wp54\/wp-content\/uploads\/2022\/04\/WhatsApp-Image-2022-05-26-at-2.25.32-PM-1-150x150.jpeg 150w, https:\/\/radiohuancayo.com.pe\/wp54\/wp-content\/uploads\/2022\/04\/WhatsApp-Image-2022-05-26-at-2.25.32-PM-1-600x600.jpeg 600w\" sizes=\"(max-width: 150px) 100vw, 150px\" \/>      <\/a>\n\n    \n                <\/div>\n              \n              <div class=\"elespare-content-wrapper\">\n                <ul class='elespare-cat-links none'><li class=\"elespare-meta-category\">\n                      <a class=\"elespare-categories\" href=\"https:\/\/radiohuancayo.com.pe\/wp54\/category\/programas\/\" aria-label=\"View all posts in Programas category\">\n                      \n                        Programas\n                      <\/a>\n                  <\/li><\/ul>\n    <h3 class=\"elespare-post-title\">\n      <a href=\"https:\/\/radiohuancayo.com.pe\/wp54\/huancayo-noticias\/\"> <span>Huancayo Noticias<\/span><\/a>\n    <\/h3>\n                  <\/div>\n                          <\/div>\n                    <div class=\"elespare-posts-list-post-items\">\n                              <div class=\"elespare-img-wrapper\">\n\n                  \n      <a href=\"https:\/\/radiohuancayo.com.pe\/wp54\/k-tal-manana\/\" aria-label=\"K Tal Ma\u00f1ana\">\n        <img decoding=\"async\" width=\"150\" height=\"150\" src=\"https:\/\/radiohuancayo.com.pe\/wp54\/wp-content\/uploads\/2022\/04\/KTAL-150x150.jpg\" class=\"attachment-thumbnail size-thumbnail wp-post-image\" alt=\"K Tal Ma\u00f1ana\" \/>      <\/a>\n\n    \n                <\/div>\n              \n              <div class=\"elespare-content-wrapper\">\n                <ul class='elespare-cat-links none'><li class=\"elespare-meta-category\">\n                      <a class=\"elespare-categories\" href=\"https:\/\/radiohuancayo.com.pe\/wp54\/category\/programas\/\" aria-label=\"View all posts in Programas category\">\n                      \n                        Programas\n                      <\/a>\n                  <\/li><\/ul>\n    <h3 class=\"elespare-post-title\">\n      <a href=\"https:\/\/radiohuancayo.com.pe\/wp54\/k-tal-manana\/\"> <span>K Tal Ma\u00f1ana<\/span><\/a>\n    <\/h3>\n                  <\/div>\n                          <\/div>\n                    <div class=\"elespare-posts-list-post-items\">\n                              <div class=\"elespare-img-wrapper\">\n\n                  \n      <a href=\"https:\/\/radiohuancayo.com.pe\/wp54\/de-buena-onda\/\" aria-label=\"De Buena Onda\">\n        <img loading=\"lazy\" decoding=\"async\" width=\"150\" height=\"150\" src=\"https:\/\/radiohuancayo.com.pe\/wp54\/wp-content\/uploads\/2022\/04\/debuenaon-150x150.jpg\" class=\"attachment-thumbnail size-thumbnail wp-post-image\" alt=\"De Buena Onda\" srcset=\"https:\/\/radiohuancayo.com.pe\/wp54\/wp-content\/uploads\/2022\/04\/debuenaon-150x150.jpg 150w, https:\/\/radiohuancayo.com.pe\/wp54\/wp-content\/uploads\/2022\/04\/debuenaon-600x600.jpg 600w\" sizes=\"(max-width: 150px) 100vw, 150px\" \/>      <\/a>\n\n    \n                <\/div>\n              \n              <div class=\"elespare-content-wrapper\">\n                <ul class='elespare-cat-links none'><li class=\"elespare-meta-category\">\n                      <a class=\"elespare-categories\" href=\"https:\/\/radiohuancayo.com.pe\/wp54\/category\/programas\/\" aria-label=\"View all posts in Programas category\">\n                      \n                        Programas\n                      <\/a>\n                  <\/li><\/ul>\n    <h3 class=\"elespare-post-title\">\n      <a href=\"https:\/\/radiohuancayo.com.pe\/wp54\/de-buena-onda\/\"> <span>De Buena Onda<\/span><\/a>\n    <\/h3>\n                  <\/div>\n                          <\/div>\n                    <div class=\"elespare-posts-list-post-items\">\n                              <div class=\"elespare-img-wrapper\">\n\n                  \n      <a href=\"https:\/\/radiohuancayo.com.pe\/wp54\/extrovertidos\/\" aria-label=\"Extrovertidos\">\n        <img loading=\"lazy\" decoding=\"async\" width=\"150\" height=\"150\" src=\"https:\/\/radiohuancayo.com.pe\/wp54\/wp-content\/uploads\/2022\/04\/extro-150x150.jpg\" class=\"attachment-thumbnail size-thumbnail wp-post-image\" alt=\"Extrovertidos\" srcset=\"https:\/\/radiohuancayo.com.pe\/wp54\/wp-content\/uploads\/2022\/04\/extro-150x150.jpg 150w, https:\/\/radiohuancayo.com.pe\/wp54\/wp-content\/uploads\/2022\/04\/extro-600x600.jpg 600w\" sizes=\"(max-width: 150px) 100vw, 150px\" \/>      <\/a>\n\n    \n                <\/div>\n              \n              <div class=\"elespare-content-wrapper\">\n                <ul class='elespare-cat-links none'><li class=\"elespare-meta-category\">\n                      <a class=\"elespare-categories\" href=\"https:\/\/radiohuancayo.com.pe\/wp54\/category\/programas\/\" aria-label=\"View all posts in Programas category\">\n                      \n                        Programas\n                      <\/a>\n                  <\/li><\/ul>\n    <h3 class=\"elespare-post-title\">\n      <a href=\"https:\/\/radiohuancayo.com.pe\/wp54\/extrovertidos\/\"> <span>Extrovertidos<\/span><\/a>\n    <\/h3>\n                  <\/div>\n                          <\/div>\n                    <div class=\"elespare-posts-list-post-items\">\n                              <div class=\"elespare-img-wrapper\">\n\n                  \n      <a href=\"https:\/\/radiohuancayo.com.pe\/wp54\/a-toda-radio-2\/\" aria-label=\"A Toda Radio\">\n        <img loading=\"lazy\" decoding=\"async\" width=\"150\" height=\"150\" src=\"https:\/\/radiohuancayo.com.pe\/wp54\/wp-content\/uploads\/2022\/04\/memor-150x150.jpg\" class=\"attachment-thumbnail size-thumbnail wp-post-image\" alt=\"A Toda Radio\" srcset=\"https:\/\/radiohuancayo.com.pe\/wp54\/wp-content\/uploads\/2022\/04\/memor-150x150.jpg 150w, https:\/\/radiohuancayo.com.pe\/wp54\/wp-content\/uploads\/2022\/04\/memor-600x600.jpg 600w\" sizes=\"(max-width: 150px) 100vw, 150px\" \/>      <\/a>\n\n    \n                <\/div>\n              \n              <div class=\"elespare-content-wrapper\">\n                <ul class='elespare-cat-links none'><li class=\"elespare-meta-category\">\n                      <a class=\"elespare-categories\" href=\"https:\/\/radiohuancayo.com.pe\/wp54\/category\/programas\/\" aria-label=\"View all posts in Programas category\">\n                      \n                        Programas\n                      <\/a>\n                  <\/li><\/ul>\n    <h3 class=\"elespare-post-title\">\n      <a href=\"https:\/\/radiohuancayo.com.pe\/wp54\/a-toda-radio-2\/\"> <span>A Toda Radio<\/span><\/a>\n    <\/h3>\n                  <\/div>\n                          <\/div>\n                    <div class=\"elespare-posts-list-post-items\">\n                              <div class=\"elespare-img-wrapper\">\n\n                  \n      <a href=\"https:\/\/radiohuancayo.com.pe\/wp54\/lo-mejor-de-todo\/\" aria-label=\"Templaditos\">\n        <img loading=\"lazy\" decoding=\"async\" width=\"150\" height=\"150\" src=\"https:\/\/radiohuancayo.com.pe\/wp54\/wp-content\/uploads\/2022\/04\/atra-150x150.jpg\" class=\"attachment-thumbnail size-thumbnail wp-post-image\" alt=\"Templaditos\" srcset=\"https:\/\/radiohuancayo.com.pe\/wp54\/wp-content\/uploads\/2022\/04\/atra-150x150.jpg 150w, https:\/\/radiohuancayo.com.pe\/wp54\/wp-content\/uploads\/2022\/04\/atra-600x600.jpg 600w\" sizes=\"(max-width: 150px) 100vw, 150px\" \/>      <\/a>\n\n    \n                <\/div>\n              \n              <div class=\"elespare-content-wrapper\">\n                <ul class='elespare-cat-links none'><li class=\"elespare-meta-category\">\n                      <a class=\"elespare-categories\" href=\"https:\/\/radiohuancayo.com.pe\/wp54\/category\/programas\/\" aria-label=\"View all posts in Programas category\">\n                      \n                        Programas\n                      <\/a>\n                  <\/li><\/ul>\n    <h3 class=\"elespare-post-title\">\n      <a href=\"https:\/\/radiohuancayo.com.pe\/wp54\/lo-mejor-de-todo\/\"> <span>Templaditos<\/span><\/a>\n    <\/h3>\n                  <\/div>\n                          <\/div>\n                    <div class=\"elespare-posts-list-post-items\">\n                              <div class=\"elespare-img-wrapper\">\n\n                  \n      <a href=\"https:\/\/radiohuancayo.com.pe\/wp54\/la-toxica\/\" aria-label=\"La T\u00f3xica\">\n        <img loading=\"lazy\" decoding=\"async\" width=\"150\" height=\"150\" src=\"https:\/\/radiohuancayo.com.pe\/wp54\/wp-content\/uploads\/2022\/04\/atoda-150x150.jpg\" class=\"attachment-thumbnail size-thumbnail wp-post-image\" alt=\"La T\u00f3xica\" srcset=\"https:\/\/radiohuancayo.com.pe\/wp54\/wp-content\/uploads\/2022\/04\/atoda-150x150.jpg 150w, https:\/\/radiohuancayo.com.pe\/wp54\/wp-content\/uploads\/2022\/04\/atoda-600x600.jpg 600w\" sizes=\"(max-width: 150px) 100vw, 150px\" \/>      <\/a>\n\n    \n                <\/div>\n              \n              <div class=\"elespare-content-wrapper\">\n                <ul class='elespare-cat-links none'><li class=\"elespare-meta-category\">\n                      <a class=\"elespare-categories\" href=\"https:\/\/radiohuancayo.com.pe\/wp54\/category\/programas\/\" aria-label=\"View all posts in Programas category\">\n                      \n                        Programas\n                      <\/a>\n                  <\/li><\/ul>\n    <h3 class=\"elespare-post-title\">\n      <a href=\"https:\/\/radiohuancayo.com.pe\/wp54\/la-toxica\/\"> <span>La T\u00f3xica<\/span><\/a>\n    <\/h3>\n                  <\/div>\n                          <\/div>\n                    <div class=\"elespare-posts-list-post-items\">\n                              <div class=\"elespare-img-wrapper\">\n\n                  \n      <a href=\"https:\/\/radiohuancayo.com.pe\/wp54\/atrapados\/\" aria-label=\"Atrapados\">\n        <img loading=\"lazy\" decoding=\"async\" width=\"150\" height=\"150\" src=\"https:\/\/radiohuancayo.com.pe\/wp54\/wp-content\/uploads\/2022\/04\/atra-150x150.jpg\" class=\"attachment-thumbnail size-thumbnail wp-post-image\" alt=\"Atrapados\" srcset=\"https:\/\/radiohuancayo.com.pe\/wp54\/wp-content\/uploads\/2022\/04\/atra-150x150.jpg 150w, https:\/\/radiohuancayo.com.pe\/wp54\/wp-content\/uploads\/2022\/04\/atra-600x600.jpg 600w\" sizes=\"(max-width: 150px) 100vw, 150px\" \/>      <\/a>\n\n    \n                <\/div>\n              \n              <div class=\"elespare-content-wrapper\">\n                <ul class='elespare-cat-links none'><li class=\"elespare-meta-category\">\n                      <a class=\"elespare-categories\" href=\"https:\/\/radiohuancayo.com.pe\/wp54\/category\/programas\/\" aria-label=\"View all posts in Programas category\">\n                      \n                        Programas\n                      <\/a>\n                  <\/li><\/ul>\n    <h3 class=\"elespare-post-title\">\n      <a href=\"https:\/\/radiohuancayo.com.pe\/wp54\/atrapados\/\"> <span>Atrapados<\/span><\/a>\n    <\/h3>\n                  <\/div>\n                          <\/div>\n                    <div class=\"elespare-posts-list-post-items\">\n                              <div class=\"elespare-img-wrapper\">\n\n                  \n      <a href=\"https:\/\/radiohuancayo.com.pe\/wp54\/el-mananero\/\" aria-label=\"El Ma\u00f1anero\">\n        <img loading=\"lazy\" decoding=\"async\" width=\"150\" height=\"150\" src=\"https:\/\/radiohuancayo.com.pe\/wp54\/wp-content\/uploads\/2022\/04\/mananero-150x150.jpg\" class=\"attachment-thumbnail size-thumbnail wp-post-image\" alt=\"El Ma\u00f1anero\" srcset=\"https:\/\/radiohuancayo.com.pe\/wp54\/wp-content\/uploads\/2022\/04\/mananero-150x150.jpg 150w, https:\/\/radiohuancayo.com.pe\/wp54\/wp-content\/uploads\/2022\/04\/mananero-600x600.jpg 600w\" sizes=\"(max-width: 150px) 100vw, 150px\" \/>      <\/a>\n\n    \n                <\/div>\n              \n              <div class=\"elespare-content-wrapper\">\n                <ul class='elespare-cat-links none'><li class=\"elespare-meta-category\">\n                      <a class=\"elespare-categories\" href=\"https:\/\/radiohuancayo.com.pe\/wp54\/category\/programas\/\" aria-label=\"View all posts in Programas category\">\n                      \n                        Programas\n                      <\/a>\n                  <\/li><\/ul>\n    <h3 class=\"elespare-post-title\">\n      <a href=\"https:\/\/radiohuancayo.com.pe\/wp54\/el-mananero\/\"> <span>El Ma\u00f1anero<\/span><\/a>\n    <\/h3>\n                  <\/div>\n                          <\/div>\n              <\/div>\n    <\/div>\n    \t\t\t\t<\/div>\n\t\t\t\t<\/div>\n\t\t\t\t\t<\/div>\n\t\t<\/div>\n\t\t\t\t\t<\/div>\n\t\t<\/section>\n\t\t\t\t<\/div>\n\t\t","protected":false},"excerpt":{"rendered":"<p>Programaci\u00f3n Programas Madrugadas RH Programas La Hora Del Gallo Programas Huancayo Noticias Programas K Tal Ma\u00f1ana Programas De Buena Onda Programas Extrovertidos Programas Memoris Programas Latidos Programas A Toda Radio Programas Atrapados Programas Huancayo Informa Programas El Ma\u00f1anero<\/p>\n","protected":false},"author":1,"featured_media":0,"parent":0,"menu_order":0,"comment_status":"closed","ping_status":"closed","template":"","meta":{"footnotes":""},"class_list":["post-459","page","type-page","status-publish","hentry"],"yoast_head":"<!-- This site is optimized with the Yoast SEO plugin v27.5 - https:\/\/yoast.com\/product\/yoast-seo-wordpress\/ -->\n<title>Programaci\u00f3n - Radio Huancayo<\/title>\n<meta name=\"robots\" content=\"index, follow, max-snippet:-1, max-image-preview:large, max-video-preview:-1\" \/>\n<link rel=\"canonical\" href=\"https:\/\/radiohuancayo.com.pe\/wp54\/programacion\/\" \/>\n<meta property=\"og:locale\" content=\"es_ES\" \/>\n<meta property=\"og:type\" content=\"article\" \/>\n<meta property=\"og:title\" content=\"Programaci\u00f3n - Radio Huancayo\" \/>\n<meta property=\"og:description\" content=\"Programaci\u00f3n Programas Madrugadas RH Programas La Hora Del Gallo Programas Huancayo Noticias Programas K Tal Ma\u00f1ana Programas De Buena Onda Programas Extrovertidos Programas Memoris Programas Latidos Programas A Toda Radio Programas Atrapados Programas Huancayo Informa Programas El Ma\u00f1anero\" \/>\n<meta property=\"og:url\" content=\"https:\/\/radiohuancayo.com.pe\/wp54\/programacion\/\" \/>\n<meta property=\"og:site_name\" content=\"Radio Huancayo\" \/>\n<meta property=\"article:modified_time\" content=\"2022-04-08T18:24:17+00:00\" \/>\n<meta name=\"twitter:card\" content=\"summary_large_image\" \/>\n<script type=\"application\/ld+json\" class=\"yoast-schema-graph\">{\"@context\":\"https:\\\/\\\/schema.org\",\"@graph\":[{\"@type\":\"WebPage\",\"@id\":\"https:\\\/\\\/radiohuancayo.com.pe\\\/wp54\\\/programacion\\\/\",\"url\":\"https:\\\/\\\/radiohuancayo.com.pe\\\/wp54\\\/programacion\\\/\",\"name\":\"Programaci\u00f3n - Radio Huancayo\",\"isPartOf\":{\"@id\":\"https:\\\/\\\/radiohuancayo.com.pe\\\/wp54\\\/#website\"},\"datePublished\":\"2022-03-29T03:39:59+00:00\",\"dateModified\":\"2022-04-08T18:24:17+00:00\",\"breadcrumb\":{\"@id\":\"https:\\\/\\\/radiohuancayo.com.pe\\\/wp54\\\/programacion\\\/#breadcrumb\"},\"inLanguage\":\"es\",\"potentialAction\":[{\"@type\":\"ReadAction\",\"target\":[\"https:\\\/\\\/radiohuancayo.com.pe\\\/wp54\\\/programacion\\\/\"]}]},{\"@type\":\"BreadcrumbList\",\"@id\":\"https:\\\/\\\/radiohuancayo.com.pe\\\/wp54\\\/programacion\\\/#breadcrumb\",\"itemListElement\":[{\"@type\":\"ListItem\",\"position\":1,\"name\":\"Portada\",\"item\":\"https:\\\/\\\/radiohuancayo.com.pe\\\/wp54\\\/\"},{\"@type\":\"ListItem\",\"position\":2,\"name\":\"Programaci\u00f3n\"}]},{\"@type\":\"WebSite\",\"@id\":\"https:\\\/\\\/radiohuancayo.com.pe\\\/wp54\\\/#website\",\"url\":\"https:\\\/\\\/radiohuancayo.com.pe\\\/wp54\\\/\",\"name\":\"Radio Huancayo\",\"description\":\"me gusta!!!\",\"publisher\":{\"@id\":\"https:\\\/\\\/radiohuancayo.com.pe\\\/wp54\\\/#organization\"},\"potentialAction\":[{\"@type\":\"SearchAction\",\"target\":{\"@type\":\"EntryPoint\",\"urlTemplate\":\"https:\\\/\\\/radiohuancayo.com.pe\\\/wp54\\\/?s={search_term_string}\"},\"query-input\":{\"@type\":\"PropertyValueSpecification\",\"valueRequired\":true,\"valueName\":\"search_term_string\"}}],\"inLanguage\":\"es\"},{\"@type\":\"Organization\",\"@id\":\"https:\\\/\\\/radiohuancayo.com.pe\\\/wp54\\\/#organization\",\"name\":\"Radio Huancayo\",\"url\":\"https:\\\/\\\/radiohuancayo.com.pe\\\/wp54\\\/\",\"logo\":{\"@type\":\"ImageObject\",\"inLanguage\":\"es\",\"@id\":\"https:\\\/\\\/radiohuancayo.com.pe\\\/wp54\\\/#\\\/schema\\\/logo\\\/image\\\/\",\"url\":\"https:\\\/\\\/radiohuancayo.com.pe\\\/wp54\\\/wp-content\\\/uploads\\\/2022\\\/04\\\/CABE01.png\",\"contentUrl\":\"https:\\\/\\\/radiohuancayo.com.pe\\\/wp54\\\/wp-content\\\/uploads\\\/2022\\\/04\\\/CABE01.png\",\"width\":1640,\"height\":300,\"caption\":\"Radio Huancayo\"},\"image\":{\"@id\":\"https:\\\/\\\/radiohuancayo.com.pe\\\/wp54\\\/#\\\/schema\\\/logo\\\/image\\\/\"}}]}<\/script>\n<!-- \/ Yoast SEO plugin. -->","yoast_head_json":{"title":"Programaci\u00f3n - Radio Huancayo","robots":{"index":"index","follow":"follow","max-snippet":"max-snippet:-1","max-image-preview":"max-image-preview:large","max-video-preview":"max-video-preview:-1"},"canonical":"https:\/\/radiohuancayo.com.pe\/wp54\/programacion\/","og_locale":"es_ES","og_type":"article","og_title":"Programaci\u00f3n - Radio Huancayo","og_description":"Programaci\u00f3n Programas Madrugadas RH Programas La Hora Del Gallo Programas Huancayo Noticias Programas K Tal Ma\u00f1ana Programas De Buena Onda Programas Extrovertidos Programas Memoris Programas Latidos Programas A Toda Radio Programas Atrapados Programas Huancayo Informa Programas El Ma\u00f1anero","og_url":"https:\/\/radiohuancayo.com.pe\/wp54\/programacion\/","og_site_name":"Radio Huancayo","article_modified_time":"2022-04-08T18:24:17+00:00","twitter_card":"summary_large_image","schema":{"@context":"https:\/\/schema.org","@graph":[{"@type":"WebPage","@id":"https:\/\/radiohuancayo.com.pe\/wp54\/programacion\/","url":"https:\/\/radiohuancayo.com.pe\/wp54\/programacion\/","name":"Programaci\u00f3n - Radio Huancayo","isPartOf":{"@id":"https:\/\/radiohuancayo.com.pe\/wp54\/#website"},"datePublished":"2022-03-29T03:39:59+00:00","dateModified":"2022-04-08T18:24:17+00:00","breadcrumb":{"@id":"https:\/\/radiohuancayo.com.pe\/wp54\/programacion\/#breadcrumb"},"inLanguage":"es","potentialAction":[{"@type":"ReadAction","target":["https:\/\/radiohuancayo.com.pe\/wp54\/programacion\/"]}]},{"@type":"BreadcrumbList","@id":"https:\/\/radiohuancayo.com.pe\/wp54\/programacion\/#breadcrumb","itemListElement":[{"@type":"ListItem","position":1,"name":"Portada","item":"https:\/\/radiohuancayo.com.pe\/wp54\/"},{"@type":"ListItem","position":2,"name":"Programaci\u00f3n"}]},{"@type":"WebSite","@id":"https:\/\/radiohuancayo.com.pe\/wp54\/#website","url":"https:\/\/radiohuancayo.com.pe\/wp54\/","name":"Radio Huancayo","description":"me gusta!!!","publisher":{"@id":"https:\/\/radiohuancayo.com.pe\/wp54\/#organization"},"potentialAction":[{"@type":"SearchAction","target":{"@type":"EntryPoint","urlTemplate":"https:\/\/radiohuancayo.com.pe\/wp54\/?s={search_term_string}"},"query-input":{"@type":"PropertyValueSpecification","valueRequired":true,"valueName":"search_term_string"}}],"inLanguage":"es"},{"@type":"Organization","@id":"https:\/\/radiohuancayo.com.pe\/wp54\/#organization","name":"Radio Huancayo","url":"https:\/\/radiohuancayo.com.pe\/wp54\/","logo":{"@type":"ImageObject","inLanguage":"es","@id":"https:\/\/radiohuancayo.com.pe\/wp54\/#\/schema\/logo\/image\/","url":"https:\/\/radiohuancayo.com.pe\/wp54\/wp-content\/uploads\/2022\/04\/CABE01.png","contentUrl":"https:\/\/radiohuancayo.com.pe\/wp54\/wp-content\/uploads\/2022\/04\/CABE01.png","width":1640,"height":300,"caption":"Radio Huancayo"},"image":{"@id":"https:\/\/radiohuancayo.com.pe\/wp54\/#\/schema\/logo\/image\/"}}]}},"_links":{"self":[{"href":"https:\/\/radiohuancayo.com.pe\/wp54\/wp-json\/wp\/v2\/pages\/459","targetHints":{"allow":["GET"]}}],"collection":[{"href":"https:\/\/radiohuancayo.com.pe\/wp54\/wp-json\/wp\/v2\/pages"}],"about":[{"href":"https:\/\/radiohuancayo.com.pe\/wp54\/wp-json\/wp\/v2\/types\/page"}],"author":[{"embeddable":true,"href":"https:\/\/radiohuancayo.com.pe\/wp54\/wp-json\/wp\/v2\/users\/1"}],"replies":[{"embeddable":true,"href":"https:\/\/radiohuancayo.com.pe\/wp54\/wp-json\/wp\/v2\/comments?post=459"}],"version-history":[{"count":19,"href":"https:\/\/radiohuancayo.com.pe\/wp54\/wp-json\/wp\/v2\/pages\/459\/revisions"}],"predecessor-version":[{"id":1283,"href":"https:\/\/radiohuancayo.com.pe\/wp54\/wp-json\/wp\/v2\/pages\/459\/revisions\/1283"}],"wp:attachment":[{"href":"https:\/\/radiohuancayo.com.pe\/wp54\/wp-json\/wp\/v2\/media?parent=459"}],"curies":[{"name":"wp","href":"https:\/\/api.w.org\/{rel}","templated":true}]}}